{"id":223,"date":"2021-06-21T15:45:42","date_gmt":"2021-06-21T13:45:42","guid":{"rendered":"https:\/\/www.skolit.cz\/?page_id=223"},"modified":"2021-06-22T10:32:37","modified_gmt":"2021-06-22T08:32:37","slug":"ueber-uns","status":"publish","type":"page","link":"https:\/\/www.skolit.cz\/de\/ueber-uns\/","title":{"rendered":"\u00dcber uns"},"content":{"rendered":"<h1>\u00dcber uns<\/h1>\n<div id='gallery-1' class='gallery galleryid-223 gallery-columns-3 gallery-size-large'><dl class='gallery-item'>\n\t\t\t<dt class='gallery-icon landscape'>\n\t\t\t\t<a href='https:\/\/www.skolit.cz\/de\/ueber-uns\/skolit_3-2\/'><img fetchpriority=\"high\" decoding=\"async\" width=\"1024\" height=\"768\" src=\"data:image\/gif;base64,R0lGODlhAQABAIAAAAAAAP\/\/\/yH5BAEAAAAALAAAAAABAAEAAAIBRAA7\" data-src=\"https:\/\/www.skolit.cz\/wp-content\/uploads\/2021\/03\/skolit_3-1024x768.jpg\" class=\"attachment-large size-large\" alt=\"\" srcset=\"data:image\/gif;base64,R0lGODlhAQABAIAAAAAAAP\/\/\/yH5BAEAAAAALAAAAAABAAEAAAIBRAA7\" data-srcset=\"https:\/\/www.skolit.cz\/wp-content\/uploads\/2021\/03\/skolit_3-1024x768.jpg 1024w, https:\/\/www.skolit.cz\/wp-content\/uploads\/2021\/03\/skolit_3-300x225.jpg 300w, https:\/\/www.skolit.cz\/wp-content\/uploads\/2021\/03\/skolit_3-768x576.jpg 768w, https:\/\/www.skolit.cz\/wp-content\/uploads\/2021\/03\/skolit_3-320x240.jpg 320w, https:\/\/www.skolit.cz\/wp-content\/uploads\/2021\/03\/skolit_3-190x143.jpg 190w, https:\/\/www.skolit.cz\/wp-content\/uploads\/2021\/03\/skolit_3.jpg 1440w\" sizes=\"(max-width: 1024px) 100vw, 1024px\" loading=\"eager\" \/><\/a>\n\t\t\t<\/dt><\/dl><dl class='gallery-item'>\n\t\t\t<dt class='gallery-icon landscape'>\n\t\t\t\t<a href='https:\/\/www.skolit.cz\/de\/ueber-uns\/skolit_1-2\/'><img decoding=\"async\" width=\"1024\" height=\"768\" src=\"data:image\/gif;base64,R0lGODlhAQABAIAAAAAAAP\/\/\/yH5BAEAAAAALAAAAAABAAEAAAIBRAA7\" data-src=\"https:\/\/www.skolit.cz\/wp-content\/uploads\/2021\/03\/skolit_1-1024x768.jpg\" class=\"attachment-large size-large\" alt=\"\" srcset=\"data:image\/gif;base64,R0lGODlhAQABAIAAAAAAAP\/\/\/yH5BAEAAAAALAAAAAABAAEAAAIBRAA7\" data-srcset=\"https:\/\/www.skolit.cz\/wp-content\/uploads\/2021\/03\/skolit_1-1024x768.jpg 1024w, https:\/\/www.skolit.cz\/wp-content\/uploads\/2021\/03\/skolit_1-300x225.jpg 300w, https:\/\/www.skolit.cz\/wp-content\/uploads\/2021\/03\/skolit_1-768x576.jpg 768w, https:\/\/www.skolit.cz\/wp-content\/uploads\/2021\/03\/skolit_1-320x240.jpg 320w, https:\/\/www.skolit.cz\/wp-content\/uploads\/2021\/03\/skolit_1-190x143.jpg 190w, https:\/\/www.skolit.cz\/wp-content\/uploads\/2021\/03\/skolit_1.jpg 1440w\" sizes=\"(max-width: 1024px) 100vw, 1024px\" loading=\"eager\" \/><\/a>\n\t\t\t<\/dt><\/dl><dl class='gallery-item'>\n\t\t\t<dt class='gallery-icon landscape'>\n\t\t\t\t<a href='https:\/\/www.skolit.cz\/de\/ueber-uns\/skolit_2-2\/'><img decoding=\"async\" width=\"1024\" height=\"768\" src=\"data:image\/gif;base64,R0lGODlhAQABAIAAAAAAAP\/\/\/yH5BAEAAAAALAAAAAABAAEAAAIBRAA7\" data-src=\"https:\/\/www.skolit.cz\/wp-content\/uploads\/2021\/03\/skolit_2-1024x768.jpg\" class=\"attachment-large size-large\" alt=\"\" srcset=\"data:image\/gif;base64,R0lGODlhAQABAIAAAAAAAP\/\/\/yH5BAEAAAAALAAAAAABAAEAAAIBRAA7\" data-srcset=\"https:\/\/www.skolit.cz\/wp-content\/uploads\/2021\/03\/skolit_2-1024x768.jpg 1024w, https:\/\/www.skolit.cz\/wp-content\/uploads\/2021\/03\/skolit_2-300x225.jpg 300w, https:\/\/www.skolit.cz\/wp-content\/uploads\/2021\/03\/skolit_2-768x576.jpg 768w, https:\/\/www.skolit.cz\/wp-content\/uploads\/2021\/03\/skolit_2-320x240.jpg 320w, https:\/\/www.skolit.cz\/wp-content\/uploads\/2021\/03\/skolit_2-190x143.jpg 190w, https:\/\/www.skolit.cz\/wp-content\/uploads\/2021\/03\/skolit_2.jpg 1440w\" sizes=\"(max-width: 1024px) 100vw, 1024px\" loading=\"eager\" \/><\/a>\n\t\t\t<\/dt><\/dl><br style=\"clear: both\" \/>\n\t\t<\/div>\n\n<h2>ISO-Zertifizierung<\/h2>\n<p>EN ISO 9001 Qualit\u00e4tsmanagement-System<br \/>\nISO 9001:2015<\/p>\n<a class=\"kt-img-link\" href=\"https:\/\/www.skolit.cz\/wp-content\/uploads\/2021\/03\/SKOLIT-ISO2021-min.jpg\"><img decoding=\"async\" class=\"aligncenter wp-image-190 size-medium\" src=\"data:image\/gif;base64,R0lGODlhAQABAIAAAAAAAP\/\/\/yH5BAEAAAAALAAAAAABAAEAAAIBRAA7\" data-src=\"https:\/\/www.skolit.cz\/wp-content\/uploads\/2021\/03\/SKOLIT-ISO2021-min-218x300.jpg\" alt=\"\" width=\"218\" height=\"300\" srcset=\"data:image\/gif;base64,R0lGODlhAQABAIAAAAAAAP\/\/\/yH5BAEAAAAALAAAAAABAAEAAAIBRAA7\" data-srcset=\"https:\/\/www.skolit.cz\/wp-content\/uploads\/2021\/03\/SKOLIT-ISO2021-min-218x300.jpg 218w, https:\/\/www.skolit.cz\/wp-content\/uploads\/2021\/03\/SKOLIT-ISO2021-min-745x1024.jpg 745w, https:\/\/www.skolit.cz\/wp-content\/uploads\/2021\/03\/SKOLIT-ISO2021-min-768x1056.jpg 768w, https:\/\/www.skolit.cz\/wp-content\/uploads\/2021\/03\/SKOLIT-ISO2021-min-1117x1536.jpg 1117w, https:\/\/www.skolit.cz\/wp-content\/uploads\/2021\/03\/SKOLIT-ISO2021-min-1489x2048.jpg 1489w, https:\/\/www.skolit.cz\/wp-content\/uploads\/2021\/03\/SKOLIT-ISO2021-min-320x440.jpg 320w, https:\/\/www.skolit.cz\/wp-content\/uploads\/2021\/03\/SKOLIT-ISO2021-min-190x261.jpg 190w, https:\/\/www.skolit.cz\/wp-content\/uploads\/2021\/03\/SKOLIT-ISO2021-min.jpg 1700w\" sizes=\"(max-width: 218px) 100vw, 218px\" \/><\/a>\n","protected":false},"excerpt":{"rendered":"<p>\u00dcber uns ISO-Zertifizierung EN ISO 9001 Qualit\u00e4tsmanagement-System ISO 9001:2015<\/p>\n","protected":false},"author":1,"featured_media":0,"parent":0,"menu_order":0,"comment_status":"closed","ping_status":"closed","template":"pages\/page-blocks.php","meta":{"footnotes":""},"class_list":["post-223","page","type-page","status-publish","hentry"],"yoast_head":"<!-- This site is optimized with the Yoast SEO plugin v25.6 - https:\/\/yoast.com\/wordpress\/plugins\/seo\/ -->\n<title>\u00dcber uns - Skolit<\/title>\n<meta name=\"robots\" content=\"index, follow, max-snippet:-1, max-image-preview:large, max-video-preview:-1\" \/>\n<link rel=\"canonical\" href=\"https:\/\/www.skolit.cz\/de\/ueber-uns\/\" \/>\n<meta property=\"og:locale\" content=\"de_DE\" \/>\n<meta property=\"og:type\" content=\"article\" \/>\n<meta property=\"og:title\" content=\"\u00dcber uns - Skolit\" \/>\n<meta property=\"og:description\" content=\"\u00dcber uns ISO-Zertifizierung EN ISO 9001 Qualit\u00e4tsmanagement-System ISO 9001:2015\" \/>\n<meta property=\"og:url\" content=\"https:\/\/www.skolit.cz\/de\/ueber-uns\/\" \/>\n<meta property=\"og:site_name\" content=\"Skolit\" \/>\n<meta property=\"article:modified_time\" content=\"2021-06-22T08:32:37+00:00\" \/>\n<meta property=\"og:image\" content=\"https:\/\/www.skolit.cz\/wp-content\/uploads\/2021\/03\/skolit_3-1024x768.jpg\" \/>\n<meta name=\"twitter:card\" content=\"summary_large_image\" \/>\n<meta name=\"twitter:label1\" content=\"Gesch\u00e4tzte Lesezeit\" \/>\n\t<meta name=\"twitter:data1\" content=\"1\u00a0Minute\" \/>\n<!-- \/ Yoast SEO plugin. -->","yoast_head_json":{"title":"\u00dcber uns - Skolit","robots":{"index":"index","follow":"follow","max-snippet":"max-snippet:-1","max-image-preview":"max-image-preview:large","max-video-preview":"max-video-preview:-1"},"canonical":"https:\/\/www.skolit.cz\/de\/ueber-uns\/","og_locale":"de_DE","og_type":"article","og_title":"\u00dcber uns - Skolit","og_description":"\u00dcber uns ISO-Zertifizierung EN ISO 9001 Qualit\u00e4tsmanagement-System ISO 9001:2015","og_url":"https:\/\/www.skolit.cz\/de\/ueber-uns\/","og_site_name":"Skolit","article_modified_time":"2021-06-22T08:32:37+00:00","og_image":[{"url":"https:\/\/www.skolit.cz\/wp-content\/uploads\/2021\/03\/skolit_3-1024x768.jpg","type":"","width":"","height":""}],"twitter_card":"summary_large_image","twitter_misc":{"Gesch\u00e4tzte Lesezeit":"1\u00a0Minute"},"schema":{"@context":"https:\/\/schema.org","@graph":[{"@type":"WebPage","@id":"https:\/\/www.skolit.cz\/de\/ueber-uns\/","url":"https:\/\/www.skolit.cz\/de\/ueber-uns\/","name":"\u00dcber uns - Skolit","isPartOf":{"@id":"https:\/\/www.skolit.cz\/de\/#website"},"primaryImageOfPage":{"@id":"https:\/\/www.skolit.cz\/de\/ueber-uns\/#primaryimage"},"image":{"@id":"https:\/\/www.skolit.cz\/de\/ueber-uns\/#primaryimage"},"thumbnailUrl":"https:\/\/www.skolit.cz\/wp-content\/uploads\/2021\/03\/SKOLIT-ISO2021-min-218x300.jpg","datePublished":"2021-06-21T13:45:42+00:00","dateModified":"2021-06-22T08:32:37+00:00","breadcrumb":{"@id":"https:\/\/www.skolit.cz\/de\/ueber-uns\/#breadcrumb"},"inLanguage":"de","potentialAction":[{"@type":"ReadAction","target":["https:\/\/www.skolit.cz\/de\/ueber-uns\/"]}]},{"@type":"ImageObject","inLanguage":"de","@id":"https:\/\/www.skolit.cz\/de\/ueber-uns\/#primaryimage","url":"https:\/\/www.skolit.cz\/wp-content\/uploads\/2021\/03\/SKOLIT-ISO2021-min-218x300.jpg","contentUrl":"https:\/\/www.skolit.cz\/wp-content\/uploads\/2021\/03\/SKOLIT-ISO2021-min-218x300.jpg"},{"@type":"BreadcrumbList","@id":"https:\/\/www.skolit.cz\/de\/ueber-uns\/#breadcrumb","itemListElement":[{"@type":"ListItem","position":1,"name":"\u00davod","item":"https:\/\/www.skolit.cz\/de\/"},{"@type":"ListItem","position":2,"name":"\u00dcber uns"}]},{"@type":"WebSite","@id":"https:\/\/www.skolit.cz\/de\/#website","url":"https:\/\/www.skolit.cz\/de\/","name":"Skolit","description":"","potentialAction":[{"@type":"SearchAction","target":{"@type":"EntryPoint","urlTemplate":"https:\/\/www.skolit.cz\/de\/?s={search_term_string}"},"query-input":{"@type":"PropertyValueSpecification","valueRequired":true,"valueName":"search_term_string"}}],"inLanguage":"de"}]}},"_links":{"self":[{"href":"https:\/\/www.skolit.cz\/de\/wp-json\/wp\/v2\/pages\/223","targetHints":{"allow":["GET"]}}],"collection":[{"href":"https:\/\/www.skolit.cz\/de\/wp-json\/wp\/v2\/pages"}],"about":[{"href":"https:\/\/www.skolit.cz\/de\/wp-json\/wp\/v2\/types\/page"}],"author":[{"embeddable":true,"href":"https:\/\/www.skolit.cz\/de\/wp-json\/wp\/v2\/users\/1"}],"replies":[{"embeddable":true,"href":"https:\/\/www.skolit.cz\/de\/wp-json\/wp\/v2\/comments?post=223"}],"version-history":[{"count":5,"href":"https:\/\/www.skolit.cz\/de\/wp-json\/wp\/v2\/pages\/223\/revisions"}],"predecessor-version":[{"id":271,"href":"https:\/\/www.skolit.cz\/de\/wp-json\/wp\/v2\/pages\/223\/revisions\/271"}],"wp:attachment":[{"href":"https:\/\/www.skolit.cz\/de\/wp-json\/wp\/v2\/media?parent=223"}],"curies":[{"name":"wp","href":"https:\/\/api.w.org\/{rel}","templated":true}]}}