{"id":233,"date":"2021-06-21T16:15:35","date_gmt":"2021-06-21T14:15:35","guid":{"rendered":"https:\/\/www.skolit.cz\/?page_id=233"},"modified":"2021-06-22T14:14:37","modified_gmt":"2021-06-22T12:14:37","slug":"oekologische-entsorgung-von-autowracks","status":"publish","type":"page","link":"https:\/\/www.skolit.cz\/de\/dienstleistungen\/oekologische-entsorgung-von-autowracks\/","title":{"rendered":"\u00d6kologische Entsorgung von Autowracks"},"content":{"rendered":"<h1>\u00d6kologische Entsorgung von Autowracks<\/h1>\n<p>Wir bieten in unserem Betrieb in \u0158evni\u010dov die \u00f6kologische Entsorgung von Autowracks durch \u2013 einschlie\u00dflich der M\u00f6glichkeit, ein Protokoll \u00fcber die \u00f6kologische Entsorgung auszustellen.<\/p>\n<p>Wir bieten die M\u00f6glichkeit, nicht l\u00e4nger fahrt\u00fcchtige Fahrzeuge f\u00fcr die Entsorgung abzutransportieren.<\/p>\n<p>Wir bieten die M\u00f6glichkeit, nicht l\u00e4nger fahrt\u00fcchtige Autos zum Ort der Entsorgung zu transportieren.<\/p>\n<h3>\u00d6ffnungszeiten<\/h3>\n<p>Montag:\u00a0 von 7:00 bis 12:00 \u2013 von 13:00 bis 15:30<br \/>\nDienstag: von 7:00 bis 12:00 \u2013 von 13:00 bis 15:30<br \/>\nMittwoch: von 7:00 bis 12:00 \u2013 von 13:00 bis 15:30<br \/>\nDonnerstag: von 7:00 bis 12:00 \u2013 von 13:00 bis 15:30<br \/>\nFreitag: von 7:00 bis 12:00 \u2013 von 13:00 bis 15:30<br \/>\nSamstag: nach Vereinbarung<br \/>\nSonntag: nach Vereinbarung<\/p>\n<h3>Ihre Ansprechpartner:<\/h3>\n<p><strong>David Loskot<\/strong><br \/>\nTel.: <a href=\"callto:+420722072366\">+420 722 072 366<\/a><br \/>\nE-Mail:\u00a0<a href=\"mailto:david.loskot@skolit.cz\">david.loskot@skolit.cz<\/a><\/p>\n<div id='gallery-1' class='gallery galleryid-233 gallery-columns-3 gallery-size-large'><dl class='gallery-item'>\n\t\t\t<dt class='gallery-icon landscape'>\n\t\t\t\t<a href='https:\/\/www.skolit.cz\/wp-content\/uploads\/2021\/03\/Foto_8.jpg'><img fetchpriority=\"high\" decoding=\"async\" width=\"1024\" height=\"682\" src=\"data:image\/gif;base64,R0lGODlhAQABAIAAAAAAAP\/\/\/yH5BAEAAAAALAAAAAABAAEAAAIBRAA7\" data-src=\"https:\/\/www.skolit.cz\/wp-content\/uploads\/2021\/03\/Foto_8-1024x682.jpg\" class=\"attachment-large size-large\" alt=\"\" srcset=\"data:image\/gif;base64,R0lGODlhAQABAIAAAAAAAP\/\/\/yH5BAEAAAAALAAAAAABAAEAAAIBRAA7\" data-srcset=\"https:\/\/www.skolit.cz\/wp-content\/uploads\/2021\/03\/Foto_8-1024x682.jpg 1024w, https:\/\/www.skolit.cz\/wp-content\/uploads\/2021\/03\/Foto_8-300x200.jpg 300w, https:\/\/www.skolit.cz\/wp-content\/uploads\/2021\/03\/Foto_8-768x512.jpg 768w, https:\/\/www.skolit.cz\/wp-content\/uploads\/2021\/03\/Foto_8-320x213.jpg 320w, https:\/\/www.skolit.cz\/wp-content\/uploads\/2021\/03\/Foto_8-190x127.jpg 190w, https:\/\/www.skolit.cz\/wp-content\/uploads\/2021\/03\/Foto_8.jpg 1400w\" sizes=\"(max-width: 1024px) 100vw, 1024px\" loading=\"eager\" \/><\/a>\n\t\t\t<\/dt><\/dl><dl class='gallery-item'>\n\t\t\t<dt class='gallery-icon landscape'>\n\t\t\t\t<a href='https:\/\/www.skolit.cz\/wp-content\/uploads\/2021\/03\/Foto_9.jpg'><img decoding=\"async\" width=\"1024\" height=\"680\" src=\"data:image\/gif;base64,R0lGODlhAQABAIAAAAAAAP\/\/\/yH5BAEAAAAALAAAAAABAAEAAAIBRAA7\" data-src=\"https:\/\/www.skolit.cz\/wp-content\/uploads\/2021\/03\/Foto_9-1024x680.jpg\" class=\"attachment-large size-large\" alt=\"\" srcset=\"data:image\/gif;base64,R0lGODlhAQABAIAAAAAAAP\/\/\/yH5BAEAAAAALAAAAAABAAEAAAIBRAA7\" data-srcset=\"https:\/\/www.skolit.cz\/wp-content\/uploads\/2021\/03\/Foto_9-1024x680.jpg 1024w, https:\/\/www.skolit.cz\/wp-content\/uploads\/2021\/03\/Foto_9-300x199.jpg 300w, https:\/\/www.skolit.cz\/wp-content\/uploads\/2021\/03\/Foto_9-768x510.jpg 768w, https:\/\/www.skolit.cz\/wp-content\/uploads\/2021\/03\/Foto_9-320x213.jpg 320w, https:\/\/www.skolit.cz\/wp-content\/uploads\/2021\/03\/Foto_9-190x126.jpg 190w, https:\/\/www.skolit.cz\/wp-content\/uploads\/2021\/03\/Foto_9.jpg 1400w\" sizes=\"(max-width: 1024px) 100vw, 1024px\" loading=\"eager\" \/><\/a>\n\t\t\t<\/dt><\/dl><dl class='gallery-item'>\n\t\t\t<dt class='gallery-icon landscape'>\n\t\t\t\t<a href='https:\/\/www.skolit.cz\/wp-content\/uploads\/2021\/03\/Foto_10.jpg'><img decoding=\"async\" width=\"1024\" height=\"680\" src=\"data:image\/gif;base64,R0lGODlhAQABAIAAAAAAAP\/\/\/yH5BAEAAAAALAAAAAABAAEAAAIBRAA7\" data-src=\"https:\/\/www.skolit.cz\/wp-content\/uploads\/2021\/03\/Foto_10-1024x680.jpg\" class=\"attachment-large size-large\" alt=\"\" srcset=\"data:image\/gif;base64,R0lGODlhAQABAIAAAAAAAP\/\/\/yH5BAEAAAAALAAAAAABAAEAAAIBRAA7\" data-srcset=\"https:\/\/www.skolit.cz\/wp-content\/uploads\/2021\/03\/Foto_10-1024x680.jpg 1024w, https:\/\/www.skolit.cz\/wp-content\/uploads\/2021\/03\/Foto_10-300x199.jpg 300w, https:\/\/www.skolit.cz\/wp-content\/uploads\/2021\/03\/Foto_10-768x510.jpg 768w, https:\/\/www.skolit.cz\/wp-content\/uploads\/2021\/03\/Foto_10-320x213.jpg 320w, https:\/\/www.skolit.cz\/wp-content\/uploads\/2021\/03\/Foto_10-190x126.jpg 190w, https:\/\/www.skolit.cz\/wp-content\/uploads\/2021\/03\/Foto_10.jpg 1400w\" sizes=\"(max-width: 1024px) 100vw, 1024px\" loading=\"eager\" \/><\/a>\n\t\t\t<\/dt><\/dl><br style=\"clear: both\" \/>\n\t\t<\/div>\n\n","protected":false},"excerpt":{"rendered":"<p>\u00d6kologische Entsorgung von Autowracks Wir bieten in unserem Betrieb in \u0158evni\u010dov die \u00f6kologische Entsorgung von Autowracks durch \u2013 einschlie\u00dflich der M\u00f6glichkeit, ein Protokoll \u00fcber die \u00f6kologische Entsorgung auszustellen. Wir bieten die M\u00f6glichkeit, nicht l\u00e4nger fahrt\u00fcchtige Fahrzeuge f\u00fcr die Entsorgung abzutransportieren. Wir bieten die M\u00f6glichkeit, nicht l\u00e4nger fahrt\u00fcchtige Autos zum Ort der Entsorgung zu transportieren. \u00d6ffnungszeiten&#8230;<\/p>\n","protected":false},"author":1,"featured_media":0,"parent":227,"menu_order":0,"comment_status":"closed","ping_status":"closed","template":"pages\/page-blocks.php","meta":{"footnotes":""},"class_list":["post-233","page","type-page","status-publish","hentry"],"yoast_head":"<!-- This site is optimized with the Yoast SEO plugin v25.6 - https:\/\/yoast.com\/wordpress\/plugins\/seo\/ -->\n<title>\u00d6kologische Entsorgung von Autowracks - Skolit<\/title>\n<meta name=\"robots\" content=\"index, follow, max-snippet:-1, max-image-preview:large, max-video-preview:-1\" \/>\n<link rel=\"canonical\" href=\"https:\/\/www.skolit.cz\/de\/dienstleistungen\/oekologische-entsorgung-von-autowracks\/\" \/>\n<meta property=\"og:locale\" content=\"de_DE\" \/>\n<meta property=\"og:type\" content=\"article\" \/>\n<meta property=\"og:title\" content=\"\u00d6kologische Entsorgung von Autowracks - Skolit\" \/>\n<meta property=\"og:description\" content=\"\u00d6kologische Entsorgung von Autowracks Wir bieten in unserem Betrieb in \u0158evni\u010dov die \u00f6kologische Entsorgung von Autowracks durch \u2013 einschlie\u00dflich der M\u00f6glichkeit, ein Protokoll \u00fcber die \u00f6kologische Entsorgung auszustellen. Wir bieten die M\u00f6glichkeit, nicht l\u00e4nger fahrt\u00fcchtige Fahrzeuge f\u00fcr die Entsorgung abzutransportieren. Wir bieten die M\u00f6glichkeit, nicht l\u00e4nger fahrt\u00fcchtige Autos zum Ort der Entsorgung zu transportieren. \u00d6ffnungszeiten...\" \/>\n<meta property=\"og:url\" content=\"https:\/\/www.skolit.cz\/de\/dienstleistungen\/oekologische-entsorgung-von-autowracks\/\" \/>\n<meta property=\"og:site_name\" content=\"Skolit\" \/>\n<meta property=\"article:modified_time\" content=\"2021-06-22T12:14:37+00:00\" \/>\n<meta property=\"og:image\" content=\"https:\/\/www.skolit.cz\/wp-content\/uploads\/2021\/03\/Foto_8-1024x682.jpg\" \/>\n<meta name=\"twitter:card\" content=\"summary_large_image\" \/>\n<meta name=\"twitter:label1\" content=\"Gesch\u00e4tzte Lesezeit\" \/>\n\t<meta name=\"twitter:data1\" content=\"1\u00a0Minute\" \/>\n<!-- \/ Yoast SEO plugin. -->","yoast_head_json":{"title":"\u00d6kologische Entsorgung von Autowracks - Skolit","robots":{"index":"index","follow":"follow","max-snippet":"max-snippet:-1","max-image-preview":"max-image-preview:large","max-video-preview":"max-video-preview:-1"},"canonical":"https:\/\/www.skolit.cz\/de\/dienstleistungen\/oekologische-entsorgung-von-autowracks\/","og_locale":"de_DE","og_type":"article","og_title":"\u00d6kologische Entsorgung von Autowracks - Skolit","og_description":"\u00d6kologische Entsorgung von Autowracks Wir bieten in unserem Betrieb in \u0158evni\u010dov die \u00f6kologische Entsorgung von Autowracks durch \u2013 einschlie\u00dflich der M\u00f6glichkeit, ein Protokoll \u00fcber die \u00f6kologische Entsorgung auszustellen. Wir bieten die M\u00f6glichkeit, nicht l\u00e4nger fahrt\u00fcchtige Fahrzeuge f\u00fcr die Entsorgung abzutransportieren. Wir bieten die M\u00f6glichkeit, nicht l\u00e4nger fahrt\u00fcchtige Autos zum Ort der Entsorgung zu transportieren. \u00d6ffnungszeiten...","og_url":"https:\/\/www.skolit.cz\/de\/dienstleistungen\/oekologische-entsorgung-von-autowracks\/","og_site_name":"Skolit","article_modified_time":"2021-06-22T12:14:37+00:00","og_image":[{"url":"https:\/\/www.skolit.cz\/wp-content\/uploads\/2021\/03\/Foto_8-1024x682.jpg","type":"","width":"","height":""}],"twitter_card":"summary_large_image","twitter_misc":{"Gesch\u00e4tzte Lesezeit":"1\u00a0Minute"},"schema":{"@context":"https:\/\/schema.org","@graph":[{"@type":"WebPage","@id":"https:\/\/www.skolit.cz\/de\/dienstleistungen\/oekologische-entsorgung-von-autowracks\/","url":"https:\/\/www.skolit.cz\/de\/dienstleistungen\/oekologische-entsorgung-von-autowracks\/","name":"\u00d6kologische Entsorgung von Autowracks - Skolit","isPartOf":{"@id":"https:\/\/www.skolit.cz\/de\/#website"},"datePublished":"2021-06-21T14:15:35+00:00","dateModified":"2021-06-22T12:14:37+00:00","breadcrumb":{"@id":"https:\/\/www.skolit.cz\/de\/dienstleistungen\/oekologische-entsorgung-von-autowracks\/#breadcrumb"},"inLanguage":"de","potentialAction":[{"@type":"ReadAction","target":["https:\/\/www.skolit.cz\/de\/dienstleistungen\/oekologische-entsorgung-von-autowracks\/"]}]},{"@type":"BreadcrumbList","@id":"https:\/\/www.skolit.cz\/de\/dienstleistungen\/oekologische-entsorgung-von-autowracks\/#breadcrumb","itemListElement":[{"@type":"ListItem","position":1,"name":"\u00davod","item":"https:\/\/www.skolit.cz\/de\/"},{"@type":"ListItem","position":2,"name":"Dienstleistungen","item":"https:\/\/www.skolit.cz\/de\/dienstleistungen\/"},{"@type":"ListItem","position":3,"name":"\u00d6kologische Entsorgung von Autowracks"}]},{"@type":"WebSite","@id":"https:\/\/www.skolit.cz\/de\/#website","url":"https:\/\/www.skolit.cz\/de\/","name":"Skolit","description":"","potentialAction":[{"@type":"SearchAction","target":{"@type":"EntryPoint","urlTemplate":"https:\/\/www.skolit.cz\/de\/?s={search_term_string}"},"query-input":{"@type":"PropertyValueSpecification","valueRequired":true,"valueName":"search_term_string"}}],"inLanguage":"de"}]}},"_links":{"self":[{"href":"https:\/\/www.skolit.cz\/de\/wp-json\/wp\/v2\/pages\/233","targetHints":{"allow":["GET"]}}],"collection":[{"href":"https:\/\/www.skolit.cz\/de\/wp-json\/wp\/v2\/pages"}],"about":[{"href":"https:\/\/www.skolit.cz\/de\/wp-json\/wp\/v2\/types\/page"}],"author":[{"embeddable":true,"href":"https:\/\/www.skolit.cz\/de\/wp-json\/wp\/v2\/users\/1"}],"replies":[{"embeddable":true,"href":"https:\/\/www.skolit.cz\/de\/wp-json\/wp\/v2\/comments?post=233"}],"version-history":[{"count":3,"href":"https:\/\/www.skolit.cz\/de\/wp-json\/wp\/v2\/pages\/233\/revisions"}],"predecessor-version":[{"id":279,"href":"https:\/\/www.skolit.cz\/de\/wp-json\/wp\/v2\/pages\/233\/revisions\/279"}],"up":[{"embeddable":true,"href":"https:\/\/www.skolit.cz\/de\/wp-json\/wp\/v2\/pages\/227"}],"wp:attachment":[{"href":"https:\/\/www.skolit.cz\/de\/wp-json\/wp\/v2\/media?parent=233"}],"curies":[{"name":"wp","href":"https:\/\/api.w.org\/{rel}","templated":true}]}}