{"id":235,"date":"2021-06-21T16:20:00","date_gmt":"2021-06-21T14:20:00","guid":{"rendered":"https:\/\/www.skolit.cz\/?page_id=235"},"modified":"2021-06-21T16:21:15","modified_gmt":"2021-06-21T14:21:15","slug":"entsorgung-von-industriegebaeuden","status":"publish","type":"page","link":"https:\/\/www.skolit.cz\/de\/dienstleistungen\/entsorgung-von-industriegebaeuden\/","title":{"rendered":"Entsorgung von Industriegeb\u00e4uden"},"content":{"rendered":"<h1>Entsorgung von Industriegeb\u00e4uden<\/h1>\n<p>Wir bieten die Entsorgung von Industriegeb\u00e4uden, technologischen Einheiten, ausrangierten Maschinen und Anlagen durch.<\/p>\n<p>Diese T\u00e4tigkeiten werden von unserem erfahrenen Team mit eigener technischer Ausr\u00fcstung durchgef\u00fchrt, was auch die Entsorgung gro\u00dfer Teile von Geb\u00e4uden und Technologien erm\u00f6glicht.<\/p>\n<h3>Kontaktieren Sie uns! Wir werden sicher die ideale L\u00f6sung finden.<\/h3>\n<h3>Ihre Ansprechpartner:<\/h3>\n<p><strong>Petr Loskot<\/strong><br \/>\nTel.: <a href=\"tel:00420725508303\">+420 725 508 303<\/a><br \/>\nE-mail: <a href=\"mailto:loskot@skolit.cz\">loskot@skolit.cz<\/a><\/p>\n<p><strong>Ji\u0159\u00ed Po\u0161usta<\/strong><br \/>\nTel.: <a href=\"tel:00420604795666\">+420 604 795 666<\/a><br \/>\nE-mail: <a href=\"mailto:posusta@skolit.cz\">posusta@skolit.cz<\/a><\/p>\n<div id='gallery-1' class='gallery galleryid-235 gallery-columns-3 gallery-size-large'><dl class='gallery-item'>\n\t\t\t<dt class='gallery-icon portrait'>\n\t\t\t\t<a href='https:\/\/www.skolit.cz\/de\/foto_3-2\/'><img fetchpriority=\"high\" decoding=\"async\" width=\"683\" height=\"1024\" src=\"data:image\/gif;base64,R0lGODlhAQABAIAAAAAAAP\/\/\/yH5BAEAAAAALAAAAAABAAEAAAIBRAA7\" data-src=\"https:\/\/www.skolit.cz\/wp-content\/uploads\/2021\/03\/Foto_3-683x1024.jpg\" class=\"attachment-large size-large\" alt=\"\" srcset=\"data:image\/gif;base64,R0lGODlhAQABAIAAAAAAAP\/\/\/yH5BAEAAAAALAAAAAABAAEAAAIBRAA7\" data-srcset=\"https:\/\/www.skolit.cz\/wp-content\/uploads\/2021\/03\/Foto_3-683x1024.jpg 683w, https:\/\/www.skolit.cz\/wp-content\/uploads\/2021\/03\/Foto_3-200x300.jpg 200w, https:\/\/www.skolit.cz\/wp-content\/uploads\/2021\/03\/Foto_3-768x1152.jpg 768w, https:\/\/www.skolit.cz\/wp-content\/uploads\/2021\/03\/Foto_3-320x480.jpg 320w, https:\/\/www.skolit.cz\/wp-content\/uploads\/2021\/03\/Foto_3-190x285.jpg 190w, https:\/\/www.skolit.cz\/wp-content\/uploads\/2021\/03\/Foto_3.jpg 800w\" sizes=\"(max-width: 683px) 100vw, 683px\" loading=\"eager\" \/><\/a>\n\t\t\t<\/dt><\/dl><dl class='gallery-item'>\n\t\t\t<dt class='gallery-icon landscape'>\n\t\t\t\t<a href='https:\/\/www.skolit.cz\/de\/foto_4-2\/'><img decoding=\"async\" width=\"1024\" height=\"682\" src=\"data:image\/gif;base64,R0lGODlhAQABAIAAAAAAAP\/\/\/yH5BAEAAAAALAAAAAABAAEAAAIBRAA7\" data-src=\"https:\/\/www.skolit.cz\/wp-content\/uploads\/2021\/03\/Foto_4-1024x682.jpg\" class=\"attachment-large size-large\" alt=\"\" srcset=\"data:image\/gif;base64,R0lGODlhAQABAIAAAAAAAP\/\/\/yH5BAEAAAAALAAAAAABAAEAAAIBRAA7\" data-srcset=\"https:\/\/www.skolit.cz\/wp-content\/uploads\/2021\/03\/Foto_4-1024x682.jpg 1024w, https:\/\/www.skolit.cz\/wp-content\/uploads\/2021\/03\/Foto_4-300x200.jpg 300w, https:\/\/www.skolit.cz\/wp-content\/uploads\/2021\/03\/Foto_4-768x512.jpg 768w, https:\/\/www.skolit.cz\/wp-content\/uploads\/2021\/03\/Foto_4-320x213.jpg 320w, https:\/\/www.skolit.cz\/wp-content\/uploads\/2021\/03\/Foto_4-190x127.jpg 190w, https:\/\/www.skolit.cz\/wp-content\/uploads\/2021\/03\/Foto_4.jpg 1400w\" sizes=\"(max-width: 1024px) 100vw, 1024px\" loading=\"eager\" \/><\/a>\n\t\t\t<\/dt><\/dl><dl class='gallery-item'>\n\t\t\t<dt class='gallery-icon landscape'>\n\t\t\t\t<a href='https:\/\/www.skolit.cz\/de\/foto_5-2\/'><img decoding=\"async\" width=\"1024\" height=\"682\" src=\"data:image\/gif;base64,R0lGODlhAQABAIAAAAAAAP\/\/\/yH5BAEAAAAALAAAAAABAAEAAAIBRAA7\" data-src=\"https:\/\/www.skolit.cz\/wp-content\/uploads\/2021\/03\/Foto_5-1024x682.jpg\" class=\"attachment-large size-large\" alt=\"\" srcset=\"data:image\/gif;base64,R0lGODlhAQABAIAAAAAAAP\/\/\/yH5BAEAAAAALAAAAAABAAEAAAIBRAA7\" data-srcset=\"https:\/\/www.skolit.cz\/wp-content\/uploads\/2021\/03\/Foto_5-1024x682.jpg 1024w, https:\/\/www.skolit.cz\/wp-content\/uploads\/2021\/03\/Foto_5-300x200.jpg 300w, https:\/\/www.skolit.cz\/wp-content\/uploads\/2021\/03\/Foto_5-768x512.jpg 768w, https:\/\/www.skolit.cz\/wp-content\/uploads\/2021\/03\/Foto_5-320x213.jpg 320w, https:\/\/www.skolit.cz\/wp-content\/uploads\/2021\/03\/Foto_5-190x127.jpg 190w, https:\/\/www.skolit.cz\/wp-content\/uploads\/2021\/03\/Foto_5.jpg 1400w\" sizes=\"(max-width: 1024px) 100vw, 1024px\" loading=\"eager\" \/><\/a>\n\t\t\t<\/dt><\/dl><br style=\"clear: both\" \/>\n\t\t<\/div>\n\n","protected":false},"excerpt":{"rendered":"<p>Entsorgung von Industriegeb\u00e4uden Wir bieten die Entsorgung von Industriegeb\u00e4uden, technologischen Einheiten, ausrangierten Maschinen und Anlagen durch. Diese T\u00e4tigkeiten werden von unserem erfahrenen Team mit eigener technischer Ausr\u00fcstung durchgef\u00fchrt, was auch die Entsorgung gro\u00dfer Teile von Geb\u00e4uden und Technologien erm\u00f6glicht. Kontaktieren Sie uns! Wir werden sicher die ideale L\u00f6sung finden. Ihre Ansprechpartner: Petr Loskot Tel.: +420&#8230;<\/p>\n","protected":false},"author":1,"featured_media":0,"parent":227,"menu_order":0,"comment_status":"closed","ping_status":"closed","template":"pages\/page-blocks.php","meta":{"footnotes":""},"class_list":["post-235","page","type-page","status-publish","hentry"],"yoast_head":"<!-- This site is optimized with the Yoast SEO plugin v25.6 - https:\/\/yoast.com\/wordpress\/plugins\/seo\/ -->\n<title>Entsorgung von Industriegeb\u00e4uden - Skolit<\/title>\n<meta name=\"robots\" content=\"index, follow, max-snippet:-1, max-image-preview:large, max-video-preview:-1\" \/>\n<link rel=\"canonical\" href=\"https:\/\/www.skolit.cz\/de\/dienstleistungen\/entsorgung-von-industriegebaeuden\/\" \/>\n<meta property=\"og:locale\" content=\"de_DE\" \/>\n<meta property=\"og:type\" content=\"article\" \/>\n<meta property=\"og:title\" content=\"Entsorgung von Industriegeb\u00e4uden - Skolit\" \/>\n<meta property=\"og:description\" content=\"Entsorgung von Industriegeb\u00e4uden Wir bieten die Entsorgung von Industriegeb\u00e4uden, technologischen Einheiten, ausrangierten Maschinen und Anlagen durch. Diese T\u00e4tigkeiten werden von unserem erfahrenen Team mit eigener technischer Ausr\u00fcstung durchgef\u00fchrt, was auch die Entsorgung gro\u00dfer Teile von Geb\u00e4uden und Technologien erm\u00f6glicht. Kontaktieren Sie uns! Wir werden sicher die ideale L\u00f6sung finden. Ihre Ansprechpartner: Petr Loskot Tel.: +420...\" \/>\n<meta property=\"og:url\" content=\"https:\/\/www.skolit.cz\/de\/dienstleistungen\/entsorgung-von-industriegebaeuden\/\" \/>\n<meta property=\"og:site_name\" content=\"Skolit\" \/>\n<meta property=\"article:modified_time\" content=\"2021-06-21T14:21:15+00:00\" \/>\n<meta property=\"og:image\" content=\"https:\/\/www.skolit.cz\/wp-content\/uploads\/2021\/03\/Foto_3-683x1024.jpg\" \/>\n<meta name=\"twitter:card\" content=\"summary_large_image\" \/>\n<meta name=\"twitter:label1\" content=\"Gesch\u00e4tzte Lesezeit\" \/>\n\t<meta name=\"twitter:data1\" content=\"1\u00a0Minute\" \/>\n<!-- \/ Yoast SEO plugin. -->","yoast_head_json":{"title":"Entsorgung von Industriegeb\u00e4uden - Skolit","robots":{"index":"index","follow":"follow","max-snippet":"max-snippet:-1","max-image-preview":"max-image-preview:large","max-video-preview":"max-video-preview:-1"},"canonical":"https:\/\/www.skolit.cz\/de\/dienstleistungen\/entsorgung-von-industriegebaeuden\/","og_locale":"de_DE","og_type":"article","og_title":"Entsorgung von Industriegeb\u00e4uden - Skolit","og_description":"Entsorgung von Industriegeb\u00e4uden Wir bieten die Entsorgung von Industriegeb\u00e4uden, technologischen Einheiten, ausrangierten Maschinen und Anlagen durch. Diese T\u00e4tigkeiten werden von unserem erfahrenen Team mit eigener technischer Ausr\u00fcstung durchgef\u00fchrt, was auch die Entsorgung gro\u00dfer Teile von Geb\u00e4uden und Technologien erm\u00f6glicht. Kontaktieren Sie uns! Wir werden sicher die ideale L\u00f6sung finden. Ihre Ansprechpartner: Petr Loskot Tel.: +420...","og_url":"https:\/\/www.skolit.cz\/de\/dienstleistungen\/entsorgung-von-industriegebaeuden\/","og_site_name":"Skolit","article_modified_time":"2021-06-21T14:21:15+00:00","og_image":[{"url":"https:\/\/www.skolit.cz\/wp-content\/uploads\/2021\/03\/Foto_3-683x1024.jpg","type":"","width":"","height":""}],"twitter_card":"summary_large_image","twitter_misc":{"Gesch\u00e4tzte Lesezeit":"1\u00a0Minute"},"schema":{"@context":"https:\/\/schema.org","@graph":[{"@type":"WebPage","@id":"https:\/\/www.skolit.cz\/de\/dienstleistungen\/entsorgung-von-industriegebaeuden\/","url":"https:\/\/www.skolit.cz\/de\/dienstleistungen\/entsorgung-von-industriegebaeuden\/","name":"Entsorgung von Industriegeb\u00e4uden - Skolit","isPartOf":{"@id":"https:\/\/www.skolit.cz\/de\/#website"},"datePublished":"2021-06-21T14:20:00+00:00","dateModified":"2021-06-21T14:21:15+00:00","breadcrumb":{"@id":"https:\/\/www.skolit.cz\/de\/dienstleistungen\/entsorgung-von-industriegebaeuden\/#breadcrumb"},"inLanguage":"de","potentialAction":[{"@type":"ReadAction","target":["https:\/\/www.skolit.cz\/de\/dienstleistungen\/entsorgung-von-industriegebaeuden\/"]}]},{"@type":"BreadcrumbList","@id":"https:\/\/www.skolit.cz\/de\/dienstleistungen\/entsorgung-von-industriegebaeuden\/#breadcrumb","itemListElement":[{"@type":"ListItem","position":1,"name":"\u00davod","item":"https:\/\/www.skolit.cz\/de\/"},{"@type":"ListItem","position":2,"name":"Dienstleistungen","item":"https:\/\/www.skolit.cz\/de\/dienstleistungen\/"},{"@type":"ListItem","position":3,"name":"Entsorgung von Industriegeb\u00e4uden"}]},{"@type":"WebSite","@id":"https:\/\/www.skolit.cz\/de\/#website","url":"https:\/\/www.skolit.cz\/de\/","name":"Skolit","description":"","potentialAction":[{"@type":"SearchAction","target":{"@type":"EntryPoint","urlTemplate":"https:\/\/www.skolit.cz\/de\/?s={search_term_string}"},"query-input":{"@type":"PropertyValueSpecification","valueRequired":true,"valueName":"search_term_string"}}],"inLanguage":"de"}]}},"_links":{"self":[{"href":"https:\/\/www.skolit.cz\/de\/wp-json\/wp\/v2\/pages\/235","targetHints":{"allow":["GET"]}}],"collection":[{"href":"https:\/\/www.skolit.cz\/de\/wp-json\/wp\/v2\/pages"}],"about":[{"href":"https:\/\/www.skolit.cz\/de\/wp-json\/wp\/v2\/types\/page"}],"author":[{"embeddable":true,"href":"https:\/\/www.skolit.cz\/de\/wp-json\/wp\/v2\/users\/1"}],"replies":[{"embeddable":true,"href":"https:\/\/www.skolit.cz\/de\/wp-json\/wp\/v2\/comments?post=235"}],"version-history":[{"count":2,"href":"https:\/\/www.skolit.cz\/de\/wp-json\/wp\/v2\/pages\/235\/revisions"}],"predecessor-version":[{"id":237,"href":"https:\/\/www.skolit.cz\/de\/wp-json\/wp\/v2\/pages\/235\/revisions\/237"}],"up":[{"embeddable":true,"href":"https:\/\/www.skolit.cz\/de\/wp-json\/wp\/v2\/pages\/227"}],"wp:attachment":[{"href":"https:\/\/www.skolit.cz\/de\/wp-json\/wp\/v2\/media?parent=235"}],"curies":[{"name":"wp","href":"https:\/\/api.w.org\/{rel}","templated":true}]}}