{"id":238,"date":"2021-06-21T16:25:45","date_gmt":"2021-06-21T14:25:45","guid":{"rendered":"https:\/\/www.skolit.cz\/?page_id=238"},"modified":"2021-06-21T16:26:03","modified_gmt":"2021-06-21T14:26:03","slug":"kauf-und-verkauf-von-metallschrott","status":"publish","type":"page","link":"https:\/\/www.skolit.cz\/de\/dienstleistungen\/kauf-und-verkauf-von-metallschrott\/","title":{"rendered":"Kauf und Verkauf von Metallschrott"},"content":{"rendered":"<h1>Kauf und Verkauf von Metallschrott<\/h1>\n<p>Wir handeln mit Schrott und liefern ihn als Ausgangsmaterial f\u00fcr die Stahlproduktion an in- und ausl\u00e4ndische H\u00fcttenwerke.<\/p>\n<p>Wir sind spezialisiert auf Produktionsabf\u00e4lle und Abf\u00e4lle aus legiertem Stahl.<\/p>\n<p class=\"western\"><span style=\"color: #003366;\"><span lang=\"de-DE\">Wir bieten die M<\/span><\/span><span style=\"color: #003366;\"><span lang=\"sv-SE\">\u00f6<\/span><\/span><span style=\"color: #003366;\"><span lang=\"de-DE\">glichkeit, Gro\u00dfraumbeh<\/span><\/span><span style=\"color: #003366;\">\u00e4lter f\u00fc<\/span><span style=\"color: #003366;\"><span lang=\"de-DE\">r die Lagerung und den Versand von Metallabf<\/span><\/span><span style=\"color: #003366;\">\u00e4<\/span><span style=\"color: #003366;\"><span lang=\"de-DE\">llenzu liefern.<\/span><\/span><\/p>\n<h3 class=\"western\"><span style=\"color: #003366;\"><span lang=\"de-DE\">Kontaktieren Sie uns!<\/span><\/span><\/h3>\n<h3 class=\"western\"><span style=\"color: #003366;\"><span lang=\"de-DE\"><strong>Ihre<\/strong> Ansprechpartner:<\/span><\/span><\/h3>\n<p class=\"western\"><span style=\"color: #003366;\"><strong>Hana Kymli\u010dkova<\/strong><br \/>\nTel.: +420\u00a0602\u00a0446\u00a0018<br \/>\n<\/span><span style=\"color: #003366;\"><span lang=\"de-DE\">E-M<\/span><\/span><span style=\"color: #003366;\">ail: <\/span><span style=\"color: #0000ff;\"><u><a href=\"mailto:kymlickova@skolit.cz\">kymlickova@skolit.cz<\/a><\/u><\/span><\/p>\n<p class=\"western\"><strong><span style=\"color: #003366;\"><span lang=\"de-DE\">Martin Peterka<\/span><\/span><\/strong><span style=\"color: #003366;\"><br \/>\nTel.: +420\u00a0602\u00a0226\u00a0011<br \/>\n<\/span><span style=\"color: #003366;\"><span lang=\"de-DE\">E-M<\/span><\/span><span style=\"color: #003366;\">ail: <\/span><span style=\"color: #0000ff;\"><u><a href=\"mailto:peterka@skolit.cz\">peterka@skolit.cz<\/a><\/u><\/span><\/p>\n<p class=\"western\"><span style=\"color: #003366;\"><strong>Jan Kesl<\/strong><br \/>\nTel.: +420\u00a0725\u00a0285\u00a0656<br \/>\n<\/span><span style=\"color: #003366;\"><span lang=\"de-DE\">E-M<\/span><\/span><span style=\"color: #003366;\">ail: <\/span><span style=\"color: #0000ff;\"><u><a href=\"mailto:kesl@skolit.cz\">kesl@skolit.cz<\/a><\/u><\/span><\/p>\n<div id='gallery-1' class='gallery galleryid-238 gallery-columns-2 gallery-size-large'><dl class='gallery-item'>\n\t\t\t<dt class='gallery-icon landscape'>\n\t\t\t\t<a href='https:\/\/www.skolit.cz\/de\/foto_7-2\/'><img fetchpriority=\"high\" decoding=\"async\" width=\"1024\" height=\"768\" src=\"data:image\/gif;base64,R0lGODlhAQABAIAAAAAAAP\/\/\/yH5BAEAAAAALAAAAAABAAEAAAIBRAA7\" data-src=\"https:\/\/www.skolit.cz\/wp-content\/uploads\/2021\/03\/Foto_7-1024x768.jpg\" class=\"attachment-large size-large\" alt=\"\" srcset=\"data:image\/gif;base64,R0lGODlhAQABAIAAAAAAAP\/\/\/yH5BAEAAAAALAAAAAABAAEAAAIBRAA7\" data-srcset=\"https:\/\/www.skolit.cz\/wp-content\/uploads\/2021\/03\/Foto_7-1024x768.jpg 1024w, https:\/\/www.skolit.cz\/wp-content\/uploads\/2021\/03\/Foto_7-300x225.jpg 300w, https:\/\/www.skolit.cz\/wp-content\/uploads\/2021\/03\/Foto_7-768x576.jpg 768w, https:\/\/www.skolit.cz\/wp-content\/uploads\/2021\/03\/Foto_7-320x240.jpg 320w, https:\/\/www.skolit.cz\/wp-content\/uploads\/2021\/03\/Foto_7-190x143.jpg 190w, https:\/\/www.skolit.cz\/wp-content\/uploads\/2021\/03\/Foto_7.jpg 1400w\" sizes=\"(max-width: 1024px) 100vw, 1024px\" loading=\"eager\" \/><\/a>\n\t\t\t<\/dt><\/dl><dl class='gallery-item'>\n\t\t\t<dt class='gallery-icon landscape'>\n\t\t\t\t<a href='https:\/\/www.skolit.cz\/de\/foto_6-3\/'><img decoding=\"async\" width=\"1024\" height=\"682\" src=\"data:image\/gif;base64,R0lGODlhAQABAIAAAAAAAP\/\/\/yH5BAEAAAAALAAAAAABAAEAAAIBRAA7\" data-src=\"https:\/\/www.skolit.cz\/wp-content\/uploads\/2021\/03\/Foto_6-1024x682.jpg\" class=\"attachment-large size-large\" alt=\"\" srcset=\"data:image\/gif;base64,R0lGODlhAQABAIAAAAAAAP\/\/\/yH5BAEAAAAALAAAAAABAAEAAAIBRAA7\" data-srcset=\"https:\/\/www.skolit.cz\/wp-content\/uploads\/2021\/03\/Foto_6-1024x682.jpg 1024w, https:\/\/www.skolit.cz\/wp-content\/uploads\/2021\/03\/Foto_6-300x200.jpg 300w, https:\/\/www.skolit.cz\/wp-content\/uploads\/2021\/03\/Foto_6-768x512.jpg 768w, https:\/\/www.skolit.cz\/wp-content\/uploads\/2021\/03\/Foto_6-320x213.jpg 320w, https:\/\/www.skolit.cz\/wp-content\/uploads\/2021\/03\/Foto_6-190x127.jpg 190w, https:\/\/www.skolit.cz\/wp-content\/uploads\/2021\/03\/Foto_6.jpg 1400w\" sizes=\"(max-width: 1024px) 100vw, 1024px\" loading=\"eager\" \/><\/a>\n\t\t\t<\/dt><\/dl><br style=\"clear: both\" \/>\n\t\t<\/div>\n\n","protected":false},"excerpt":{"rendered":"<p>Kauf und Verkauf von Metallschrott Wir handeln mit Schrott und liefern ihn als Ausgangsmaterial f\u00fcr die Stahlproduktion an in- und ausl\u00e4ndische H\u00fcttenwerke. Wir sind spezialisiert auf Produktionsabf\u00e4lle und Abf\u00e4lle aus legiertem Stahl. Wir bieten die M\u00f6glichkeit, Gro\u00dfraumbeh\u00e4lter f\u00fcr die Lagerung und den Versand von Metallabf\u00e4llenzu liefern. Kontaktieren Sie uns! Ihre Ansprechpartner: Hana Kymli\u010dkova Tel.: +420\u00a0602\u00a0446\u00a0018&#8230;<\/p>\n","protected":false},"author":1,"featured_media":0,"parent":227,"menu_order":0,"comment_status":"closed","ping_status":"closed","template":"pages\/page-blocks.php","meta":{"footnotes":""},"class_list":["post-238","page","type-page","status-publish","hentry"],"yoast_head":"<!-- This site is optimized with the Yoast SEO plugin v25.6 - https:\/\/yoast.com\/wordpress\/plugins\/seo\/ -->\n<title>Kauf und Verkauf von Metallschrott - Skolit<\/title>\n<meta name=\"robots\" content=\"index, follow, max-snippet:-1, max-image-preview:large, max-video-preview:-1\" \/>\n<link rel=\"canonical\" href=\"https:\/\/www.skolit.cz\/de\/dienstleistungen\/kauf-und-verkauf-von-metallschrott\/\" \/>\n<meta property=\"og:locale\" content=\"de_DE\" \/>\n<meta property=\"og:type\" content=\"article\" \/>\n<meta property=\"og:title\" content=\"Kauf und Verkauf von Metallschrott - Skolit\" \/>\n<meta property=\"og:description\" content=\"Kauf und Verkauf von Metallschrott Wir handeln mit Schrott und liefern ihn als Ausgangsmaterial f\u00fcr die Stahlproduktion an in- und ausl\u00e4ndische H\u00fcttenwerke. Wir sind spezialisiert auf Produktionsabf\u00e4lle und Abf\u00e4lle aus legiertem Stahl. Wir bieten die M\u00f6glichkeit, Gro\u00dfraumbeh\u00e4lter f\u00fcr die Lagerung und den Versand von Metallabf\u00e4llenzu liefern. Kontaktieren Sie uns! Ihre Ansprechpartner: Hana Kymli\u010dkova Tel.: +420\u00a0602\u00a0446\u00a0018...\" \/>\n<meta property=\"og:url\" content=\"https:\/\/www.skolit.cz\/de\/dienstleistungen\/kauf-und-verkauf-von-metallschrott\/\" \/>\n<meta property=\"og:site_name\" content=\"Skolit\" \/>\n<meta property=\"article:modified_time\" content=\"2021-06-21T14:26:03+00:00\" \/>\n<meta property=\"og:image\" content=\"https:\/\/www.skolit.cz\/wp-content\/uploads\/2021\/03\/Foto_7-1024x768.jpg\" \/>\n<meta name=\"twitter:card\" content=\"summary_large_image\" \/>\n<meta name=\"twitter:label1\" content=\"Gesch\u00e4tzte Lesezeit\" \/>\n\t<meta name=\"twitter:data1\" content=\"1\u00a0Minute\" \/>\n<!-- \/ Yoast SEO plugin. -->","yoast_head_json":{"title":"Kauf und Verkauf von Metallschrott - Skolit","robots":{"index":"index","follow":"follow","max-snippet":"max-snippet:-1","max-image-preview":"max-image-preview:large","max-video-preview":"max-video-preview:-1"},"canonical":"https:\/\/www.skolit.cz\/de\/dienstleistungen\/kauf-und-verkauf-von-metallschrott\/","og_locale":"de_DE","og_type":"article","og_title":"Kauf und Verkauf von Metallschrott - Skolit","og_description":"Kauf und Verkauf von Metallschrott Wir handeln mit Schrott und liefern ihn als Ausgangsmaterial f\u00fcr die Stahlproduktion an in- und ausl\u00e4ndische H\u00fcttenwerke. Wir sind spezialisiert auf Produktionsabf\u00e4lle und Abf\u00e4lle aus legiertem Stahl. Wir bieten die M\u00f6glichkeit, Gro\u00dfraumbeh\u00e4lter f\u00fcr die Lagerung und den Versand von Metallabf\u00e4llenzu liefern. Kontaktieren Sie uns! Ihre Ansprechpartner: Hana Kymli\u010dkova Tel.: +420\u00a0602\u00a0446\u00a0018...","og_url":"https:\/\/www.skolit.cz\/de\/dienstleistungen\/kauf-und-verkauf-von-metallschrott\/","og_site_name":"Skolit","article_modified_time":"2021-06-21T14:26:03+00:00","og_image":[{"url":"https:\/\/www.skolit.cz\/wp-content\/uploads\/2021\/03\/Foto_7-1024x768.jpg","type":"","width":"","height":""}],"twitter_card":"summary_large_image","twitter_misc":{"Gesch\u00e4tzte Lesezeit":"1\u00a0Minute"},"schema":{"@context":"https:\/\/schema.org","@graph":[{"@type":"WebPage","@id":"https:\/\/www.skolit.cz\/de\/dienstleistungen\/kauf-und-verkauf-von-metallschrott\/","url":"https:\/\/www.skolit.cz\/de\/dienstleistungen\/kauf-und-verkauf-von-metallschrott\/","name":"Kauf und Verkauf von Metallschrott - Skolit","isPartOf":{"@id":"https:\/\/www.skolit.cz\/de\/#website"},"datePublished":"2021-06-21T14:25:45+00:00","dateModified":"2021-06-21T14:26:03+00:00","breadcrumb":{"@id":"https:\/\/www.skolit.cz\/de\/dienstleistungen\/kauf-und-verkauf-von-metallschrott\/#breadcrumb"},"inLanguage":"de","potentialAction":[{"@type":"ReadAction","target":["https:\/\/www.skolit.cz\/de\/dienstleistungen\/kauf-und-verkauf-von-metallschrott\/"]}]},{"@type":"BreadcrumbList","@id":"https:\/\/www.skolit.cz\/de\/dienstleistungen\/kauf-und-verkauf-von-metallschrott\/#breadcrumb","itemListElement":[{"@type":"ListItem","position":1,"name":"\u00davod","item":"https:\/\/www.skolit.cz\/de\/"},{"@type":"ListItem","position":2,"name":"Dienstleistungen","item":"https:\/\/www.skolit.cz\/de\/dienstleistungen\/"},{"@type":"ListItem","position":3,"name":"Kauf und Verkauf von Metallschrott"}]},{"@type":"WebSite","@id":"https:\/\/www.skolit.cz\/de\/#website","url":"https:\/\/www.skolit.cz\/de\/","name":"Skolit","description":"","potentialAction":[{"@type":"SearchAction","target":{"@type":"EntryPoint","urlTemplate":"https:\/\/www.skolit.cz\/de\/?s={search_term_string}"},"query-input":{"@type":"PropertyValueSpecification","valueRequired":true,"valueName":"search_term_string"}}],"inLanguage":"de"}]}},"_links":{"self":[{"href":"https:\/\/www.skolit.cz\/de\/wp-json\/wp\/v2\/pages\/238","targetHints":{"allow":["GET"]}}],"collection":[{"href":"https:\/\/www.skolit.cz\/de\/wp-json\/wp\/v2\/pages"}],"about":[{"href":"https:\/\/www.skolit.cz\/de\/wp-json\/wp\/v2\/types\/page"}],"author":[{"embeddable":true,"href":"https:\/\/www.skolit.cz\/de\/wp-json\/wp\/v2\/users\/1"}],"replies":[{"embeddable":true,"href":"https:\/\/www.skolit.cz\/de\/wp-json\/wp\/v2\/comments?post=238"}],"version-history":[{"count":1,"href":"https:\/\/www.skolit.cz\/de\/wp-json\/wp\/v2\/pages\/238\/revisions"}],"predecessor-version":[{"id":239,"href":"https:\/\/www.skolit.cz\/de\/wp-json\/wp\/v2\/pages\/238\/revisions\/239"}],"up":[{"embeddable":true,"href":"https:\/\/www.skolit.cz\/de\/wp-json\/wp\/v2\/pages\/227"}],"wp:attachment":[{"href":"https:\/\/www.skolit.cz\/de\/wp-json\/wp\/v2\/media?parent=238"}],"curies":[{"name":"wp","href":"https:\/\/api.w.org\/{rel}","templated":true}]}}