{"id":274,"date":"2021-06-22T14:06:33","date_gmt":"2021-06-22T12:06:33","guid":{"rendered":"https:\/\/www.skolit.cz\/?page_id=274"},"modified":"2021-06-22T14:13:34","modified_gmt":"2021-06-22T12:13:34","slug":"schutz-personenbezogener-daten","status":"publish","type":"page","link":"https:\/\/www.skolit.cz\/de\/schutz-personenbezogener-daten\/","title":{"rendered":"Schutz personenbezogener Daten"},"content":{"rendered":"<h2>1. Einleitende Bestimmungen<\/h2>\n<p>1.1 Die Gesellschaft SKOLIT s.r.o., ID-Nr.: 260 43 602, mit Sitz in Hole\u010dkova 103\/31, 150 00 Praha 5 &#8211; Sm\u00edchov, respektiert als Verantwortlicher f\u00fcr die Verarbeitung personenbezogener Daten in vollem Umfang das Recht auf den Schutz der Privatsph\u00e4re ihrer Klienten (nachfolgend auch &#8222;betroffene Person&#8220; genannt) und die damit verbundenen Rechte und hat deshalb diese Richtlinie zur Verarbeitung personenbezogener Daten verabschiedet.<\/p>\n<p>1.2 Diese Politik der Verarbeitung personenbezogener Daten stellt eine Information f\u00fcr die Klienten der Gesellschaft SKOLIT s.r.o. \u00fcber die Art und den Umfang der Verarbeitung personenbezogener Daten durch SKOLIT s.r.o. dar, einschlie\u00dflich des Umfangs der Rechte der betroffenen Personen im Zusammenhang mit der Verarbeitung ihrer personenbezogenen Daten durch SKOLIT s.r.o.<\/p>\n<p>1.3 SKOLIT s.r.o. verarbeitet personenbezogene Daten im Einklang mit der Verordnung (EU) 2016\/679 des Europ\u00e4ischen Parlaments und des Rates vom 27. April 2016 zum Schutz nat\u00fcrlicher Personen bei der Verarbeitung personenbezogener Daten und zum freien Datenverkehr und zur Aufhebung der Richtlinie 95\/46\/EG (Datenschutz-Grundverordnung) in der jeweils geltenden Fassung (die &#8222;Verordnung&#8220;) sowie im Einklang mit dem jeweils geltenden nationalen Datenschutzrecht.<\/p>\n<h2>2. Definition der verarbeiteten personenbezogenen Daten<\/h2>\n<p>2.1 SKOLIT s.r.o. verarbeitet haupts\u00e4chlich, aber nicht ausschlie\u00dflich, die folgenden personenbezogenen Daten:<\/p>\n<ul>\n<li>Identifikations- und Adressdaten (Vorname, Nachname, Geburtsdatum, Geburtsnummer, Anschrift des st\u00e4ndigen oder sonstigen Wohnsitzes, bei einer nat\u00fcrlichen Person als Unternehmer die Bezeichnung des Unternehmens, Umsatzsteuernummer und Registernummer, Firmensitz, Ort der Gesch\u00e4ftst\u00e4tigkeit),<\/li>\n<li>Kontaktdaten (Kontakt- oder Rechnungsadresse, Telefon- oder Faxnummer, E-Mail-Adresse oder andere vom Kunden angegebene Kontaktdaten),<\/li>\n<li>weitere personenbezogene Daten (z.B. soziodemografische Daten, Daten zu pers\u00f6nlichen Vorlieben und Verhaltensweisen oder Standortdaten einschlie\u00dflich IP- oder URL-Adresse).<\/li>\n<\/ul>\n<p>2.2 Die Gesellschaft SKOLIT s.r.o. verarbeitet keine besonderen Kategorien von personenbezogenen Daten (d.h. sensible Daten).<\/p>\n<p>&nbsp;<\/p>\n<p>2.3 SKOLIT s.r.o. verarbeitet personenbezogene Daten nur im Einklang mit den unten angef\u00fchrten Zwecken und nur in dem Umfang und f\u00fcr den Zeitraum, der zur Erf\u00fcllung dieser angef\u00fchrten Zwecke erforderlich ist.<\/p>\n<h2>3. Zwecke der Verarbeitung personenbezogener Daten und deren Rechtstitel<\/h2>\n<p>3.1 SKOLIT s.r.o. verarbeitet die personenbezogenen Daten der Klienten vor allem, aber nicht ausschlie\u00dflich, zu folgenden Zwecken:<\/p>\n<p>Lieferung und Bereitstellung und Implementierung der bestellten Leistung.<\/p>\n<ul>\n<li>In diesem Fall ist die Verarbeitung personenbezogener Daten f\u00fcr die Aushandlung des Abschlusses oder der \u00c4nderung eines Vertrags, dessen Vertragspartei die betroffene Person ist, sowie f\u00fcr die anschlie\u00dfende Erf\u00fcllung dieses Vertrags und die Abrechnung der erbrachten Leistungen erforderlich.<\/li>\n<li>Im Falle der Erstellung einer Bestellung sammelt und verarbeitet die Gesellschaft SKOLIT s.r.o. die personenbezogenen Daten der betroffenen Person in folgendem Umfang &#8211; Name, Nachname, Adresse, Geburtsdatum, Telefonnummer, E-Mail-Adresse. Die Bereitstellung dieser personenbezogenen Daten durch die betroffene Person ist Voraussetzung f\u00fcr den Abschluss oder die \u00c4nderung des jeweiligen Vertrages, wobei die Bereitstellung der personenbezogenen Daten in erster Linie dazu dient, die betroffene Person eindeutig und unverwechselbar zu identifizieren oder mit ihr in Kontakt zu treten.<\/li>\n<li>Dar\u00fcber hinaus kann SKOLIT s.r.o. die personenbezogenen Daten der betroffenen Person im Zusammenhang mit der Erbringung von Dienstleistungen in dem Umfang verarbeiten, der sich aus einem konkreten Vertrag oder aus dem Gesetz ergibt (z.B. im Falle der Notwendigkeit der Personalisierung einer Bestellung, die Profildaten der betroffenen Person), bei der Verwaltung und Erstellung von Konten auf der Website, bei der Nutzung von Webapplikationen usw.<\/li>\n<\/ul>\n<p>Schutz der Rechte von SKOLIT s.r.o. im Falle eines Streits mit einem Kunden.<\/p>\n<ul>\n<li>Die Gesellschaft SKOLIT s.r.o. ist auch berechtigt, den oben genannten Kreis von personenbezogenen Daten zu verarbeiten, um ihre Rechte im Falle eines Rechtsstreits mit einem Klienten zu sch\u00fctzen.<\/li>\n<\/ul>\n<p>Erstellung und Erfassung von Gesch\u00e4ftsm\u00f6glichkeiten und Gesch\u00e4ftskommunikation.<\/p>\n<ul>\n<li>SKOLIT s.r.o. verarbeitet die oben genannten personenbezogenen Daten weiter im Rahmen der Schaffung und Erfassung von Gesch\u00e4ftsm\u00f6glichkeiten und zur Durchf\u00fchrung der Gesch\u00e4ftskommunikation.<\/li>\n<\/ul>\n<p>Kundenidentifikation<\/p>\n<ul>\n<li>In diesem Fall ist die Verarbeitung personenbezogener Daten im Bereich &#8211; Name, Vorname, st\u00e4ndiger oder anderer Wohnsitz, Geburtsnummer oder Geburtsdatum, Art und Nummer des Personalausweises, Staat, falls zutreffend, die Beh\u00f6rde, die ihn ausgestellt hat, und die Dauer seiner G\u00fcltigkeit, und ist notwendig, um die gesetzliche Verpflichtung der SKOLIT s.r.o. bei der Zahlung in bar \u00fcber die Grenze, die durch das Gesetz Nr. 253\/2008 Slg. \u00fcber bestimmte Ma\u00dfnahmen gegen die Legalisierung von Ertr\u00e4gen aus Straftaten und der Finanzierung des Terrorismus, in der ge\u00e4nderten Fassung, festgelegt ist, zu erf\u00fcllen.<\/li>\n<\/ul>\n<p>Versendung von kommerziellen Mitteilungen, einschlie\u00dflich Angeboten von Produkten und Dienstleistungen der SKOLIT s.r.o. und Informationen \u00fcber Marketing- oder andere Veranstaltungen auf elektronischem Wege im Sinne des Gesetzes Nr. 480\/2004 Slg. \u00fcber bestimmte Dienste der Informationsgesellschaft in der geltenden Fassung.<\/p>\n<ul>\n<li>In diesem Fall sammelt und verarbeitet SKOLIT s.r.o. die personenbezogenen Daten der betroffenen Personen in folgendem Umfang &#8211; Name, Vorname, Geburtsdatum, Adresse, Telefonnummer, E-Mail-Adresse, Staatsangeh\u00f6rigkeit, nur aufgrund der freiwillig erteilten Zustimmung zur Verarbeitung der personenbezogenen Daten. Diese Zustimmung zur Verarbeitung personenbezogener Daten kann von der betroffenen Person jederzeit durch schriftliche Mitteilung an SKOLIT s.r.o. \u00fcber die unten genannten Kontaktdaten widerrufen werden. Durch den Widerruf der Einwilligung wird die Rechtm\u00e4\u00dfigkeit der aufgrund der Einwilligung bis zum Widerruf erfolgten Verarbeitung nicht ber\u00fchrt. Der Widerruf der Einwilligung hat keinen Einfluss auf die Verarbeitung personenbezogener Daten, die SKOLIT s.r.o. aufgrund eines anderen Rechtstitels als der Einwilligung verarbeitet (z.B. Erf\u00fcllung eines Vertrags oder einer rechtlichen Verpflichtung).<\/li>\n<\/ul>\n<h2>4. Sicherheit und Zugriff auf pers\u00f6nliche Daten<\/h2>\n<p>4.1 SKOLIT s.r.o. setzt alle notwendigen technischen und organisatorischen Ma\u00dfnahmen ein, um die Sicherheit und Vertraulichkeit aller personenbezogenen Daten der betroffenen Personen zu gew\u00e4hrleisten, insbesondere um den unbefugten oder zuf\u00e4lligen Zugriff, die \u00c4nderung, die Zerst\u00f6rung oder den Verlust, die unbefugte Weitergabe oder \u00dcbertragung oder die sonstige unbefugte Verarbeitung oder den Missbrauch dieser Daten zu verhindern.<\/p>\n<p>4.2 Neben der Gesellschaft SKOLIT s.r.o. und ihren bevollm\u00e4chtigten Mitarbeitern k\u00f6nnen die personenbezogenen Daten auch von den Gesch\u00e4ftspartnern der Gesellschaft SKOLIT s.r.o. zu den oben beschriebenen Zwecken verarbeitet werden.<\/p>\n<p>4.3 Andere Stellen, die Zugang zu personenbezogenen Daten von Kunden haben k\u00f6nnen, sind oder k\u00f6nnen in Zukunft sein, insbesondere, aber nicht ausschlie\u00dflich:<\/p>\n<ul>\n<li>Personen, die den technischen Betrieb einer Dienstleistung f\u00fcr SKOLIT s.r.o. sicherstellen, oder Betreiber der von SKOLIT s.r.o. f\u00fcr diese Dienstleistungen verwendeten Technologien;<\/li>\n<li>Personen, denen SKOLIT s.r.o. Daten zum Zweck der Analyse und Messung der Verkaufsaktivit\u00e4ten zur Verf\u00fcgung stellt;<\/li>\n<li>Personen, die bestimmte Dienstleistungen erbringen, die mit der Bereitstellung von Produkten und Dienstleistungen von SKOLIT s.r.o. oder mit der Zusendung von kommerziellen Mitteilungen an SKOLIT s.r.o. zusammenh\u00e4ngen;<\/li>\n<li>Gesch\u00e4ftspartner, die sich an der Organisation von Gesellschafts- und Marketingveranstaltungen der SKOLIT s.r.o. beteiligen;<\/li>\n<li>Anwaltskanzleien zum Zweck der Eintreibung von Schulden der SKOLIT s.r.o.<\/li>\n<\/ul>\n<p>4.4 Die Gesellschaft SKOLIT s.r.o. ist auch verpflichtet, bestimmte personenbezogene Daten auf der Grundlage der geltenden Gesetzgebung zu \u00fcbermitteln, insbesondere an Beh\u00f6rden der staatlichen Verwaltung, Gerichte, Strafverfolgungsbeh\u00f6rden im Zusammenhang mit eventuellen Verwaltungs-, Straf- oder Zivilverfahren.<\/p>\n<h2>5. Zeitraum der Verarbeitung von personenbezogenen Daten<\/h2>\n<p>5.1 SKOLIT s.r.o. verarbeitet personenbezogene Daten f\u00fcr die Dauer des Vertragsverh\u00e4ltnisses und f\u00fcr die Zeit, die zur Sicherung der gegenseitigen Rechte und Pflichten aus dem Vertrag erforderlich ist.<\/p>\n<p>5.2 Im Falle der Erf\u00fcllung der gesetzlichen Verpflichtungen verarbeitet SKOLIT s.r.o. die personenbezogenen Daten f\u00fcr den Zeitraum, der durch die entsprechenden gesetzlichen Vorschriften festgelegt ist.<\/p>\n<p>5.3 Falls SKOLIT s.r.o. personenbezogene Daten aufgrund der Zustimmung der betroffenen Person verarbeitet, werden die personenbezogenen Daten f\u00fcr den in der Zustimmung angegebenen Zeitraum oder bis zum Widerruf der Zustimmung durch die betroffene Person verarbeitet.<\/p>\n<h2>6. Rechte der betroffenen Person in Bezug auf die Verarbeitung von personenbezogenen Daten durch SKOLIT s.r.o.<\/h2>\n<p>6.1 In Bezug auf personenbezogene Daten hat der Betroffene die folgenden Rechte:<\/p>\n<ul>\n<li>das Recht, die Einwilligung in die Verarbeitung personenbezogener Daten jederzeit zu widerrufen (wenn die Verarbeitung auf einer Einwilligung beruht);<\/li>\n<li>das Recht auf Zugang zu personenbezogenen Daten (das Recht, Informationen dar\u00fcber zu verlangen, ob personenbezogene Daten \u00fcber die betroffene Person von SKOLIT s.r.o. verarbeitet werden, und wenn dies der Fall ist, hat die betroffene Person das Recht, Zugang zu diesen personenbezogenen Daten und weitere Informationen gem\u00e4\u00df Artikel 15 der Verordnung zu erhalten);<\/li>\n<li>das Recht auf Daten\u00fcbertragbarkeit (das Recht, die die betroffene Person betreffenden personenbezogenen Daten in einem strukturierten, g\u00e4ngigen und maschinenlesbaren Format zu erhalten und das Recht, diese Daten einem anderen Verantwortlichen zu \u00fcbermitteln; und das Recht, die personenbezogenen Daten direkt von einem Verantwortlichen an einen anderen Verantwortlichen zu \u00fcbermitteln, sofern dies technisch machbar ist);<\/li>\n<li>das Recht auf Berichtigung (das Recht, SKOLIT s.r.o. aufzufordern, unrichtige personenbezogene Daten \u00fcber die betroffene Person unverz\u00fcglich zu berichtigen);<\/li>\n<li>das Recht auf Einschr\u00e4nkung der Verarbeitung (das Recht, von SKOLIT s.r.o. die Einschr\u00e4nkung der Verarbeitung zu verlangen, u.a. wenn SKOLIT s.r.o. zur Aus\u00fcbung des Rechts auf Berichtigung die Richtigkeit der Daten \u00fcberpr\u00fcft; oder wenn personenbezogene Daten von SKOLIT s.r.o. unrechtm\u00e4\u00dfig verarbeitet werden, die betroffene Person aber nicht deren L\u00f6schung w\u00fcnscht);<\/li>\n<li>das Recht auf L\u00f6schung (das Recht, von SKOLIT s.r.o. die unverz\u00fcgliche L\u00f6schung der personenbezogenen Daten der betroffenen Person zu verlangen, u.a. wenn die personenbezogenen Daten f\u00fcr die Zwecke, f\u00fcr die sie erhoben wurden, nicht mehr erforderlich sind, oder wenn die betroffene Person ihre Einwilligung, auf deren Grundlage die personenbezogenen Daten von SKOLIT s.r.o. verarbeitet wurden, widerrufen hat und es keine andere Rechtsgrundlage f\u00fcr die Verarbeitung gibt, oder wenn die personenbezogenen Daten von SKOLIT s.r.o. unrechtm\u00e4\u00dfig verarbeitet wurden);<\/li>\n<li>das Recht, der Verarbeitung zu widersprechen;<\/li>\n<li>das Recht, eine Beschwerde an das Amt f\u00fcr den Schutz personenbezogener Daten zu richten.<\/li>\n<\/ul>\n<h2>7) Cookies und Google Analytics<\/h2>\n<p>7.1 Die Gesellschaft SKOLIT s.r.o. verwendet bei ihren Aktivit\u00e4ten Cookies. Cookies sind kurze Textdateien, die der Server auf dem Computer des Benutzers ablegt, wenn die Website geladen wird. Technisch gesehen handelt es sich um eine Reihe von Codes, mit denen der Browser Informationen \u00fcber das Verhalten des Benutzers sammelt und dann an den entsprechenden Server zur\u00fccksendet. Cookies werden verwendet, um den Inhalt der Website an die Pr\u00e4ferenzen des Benutzers anzupassen, die Nutzung der Website zu optimieren und das Benutzererlebnis zu verbessern sowie um Informationen \u00fcber die Nutzung des Dienstes und die Benutzeraktivit\u00e4ten f\u00fcr weitere Analysen zu erhalten. Diese Informationen helfen, die Struktur und den Inhalt der Webseiten der SKOLIT s.r.o. zu verbessern.<\/p>\n<p>7.2 Cookies Jeder Nutzer kann \u00fcber seinen Webbrowser die Verwendung von nur bestimmten Cookies ablehnen oder einstellen. Die Einschr\u00e4nkung der Verwendung von Cookies kann jedoch bestimmte Funktionen, die f\u00fcr das optimale Funktionieren der Website wichtig sind, beeintr\u00e4chtigen und somit zu einer Verschlechterung des Benutzererlebnisses f\u00fchren.<\/p>\n<p>7.3 Die Gesellschaft SKOLIT s.r.o. nutzt im Rahmen ihrer T\u00e4tigkeit auch andere Dienste, wie z.B. Google Analytics (es handelt sich um eine Website-Analyse), die es ihr erm\u00f6glicht, statistische Daten \u00fcber die Nutzer der Website zu erhalten, insbesondere die Messung des aktuellen und historischen Verkehrs und des Verhaltens und der Eigenschaften der Website-Nutzer. Das Ziel dieser Analyse ist es, ausreichend Daten zu sammeln, um Ma\u00dfnahmen zur Optimierung der Effektivit\u00e4t der Website zu ergreifen.<\/p>\n<p>7.4 Personenbezogene Daten werden auf den vorgenannten Wegen jedoch nur in anonymisierter Form erhoben und verarbeitet, ohne dass eine eindeutige Identifizierung der betroffenen Person m\u00f6glich ist.<\/p>\n<h2>8. Kontaktm\u00f6glichkeiten SKOLIT s.r.o.<\/h2>\n<p>8.1 Im Falle einer Anfrage bez\u00fcglich der Verarbeitung personenbezogener Daten oder der Aus\u00fcbung der oben genannten Rechte kann sich der Betroffene schriftlich an SKOLIT s.r.o., Hole\u010dkova 103\/31, 150 00 Praha 5 &#8211; Sm\u00edchov, oder telefonisch unter 257 326 148 oder per E-Mail an: skolit@skolit.cz wenden.<\/p>\n<h2>9. Schlussbestimmungen<\/h2>\n<p>9.1 Die Rechte und Pflichten, die nicht durch diese Datenschutzrichtlinie abgedeckt sind, werden durch die Verordnung und die geltenden nationalen Datenschutzgesetze geregelt.<\/p>\n<p>9.2 Diese Datenschutzrichtlinie ist auf der Website der SKOLIT Ltd. www.skolit.cz \u00f6ffentlich zug\u00e4nglich. Die betroffene Person wird bei Vertragsabschluss oder Erbringung einer Dienstleistung \u00fcber diese Datenschutzerkl\u00e4rung informiert.<\/p>\n<p>9.3 SKOLIT s.r.o. beh\u00e4lt sich das Recht vor, diese Datenverarbeitungspolitik zu \u00e4ndern. Die aktualisierte Version wird immer auf den Internetseiten der SKOLIT s.r.o. www.skolit.cz unter Angabe des Datums des Inkrafttretens dieser \u00c4nderung ver\u00f6ffentlicht.<\/p>\n<p>9.4 Diese Richtlinie zur Verarbeitung personenbezogener Daten tritt am 1.1.2021 in Kraft und gilt.<\/p>\n","protected":false},"excerpt":{"rendered":"<p>1. Einleitende Bestimmungen 1.1 Die Gesellschaft SKOLIT s.r.o., ID-Nr.: 260 43 602, mit Sitz in Hole\u010dkova 103\/31, 150 00 Praha 5 &#8211; Sm\u00edchov, respektiert als Verantwortlicher f\u00fcr die Verarbeitung personenbezogener Daten in vollem Umfang das Recht auf den Schutz der Privatsph\u00e4re ihrer Klienten (nachfolgend auch &#8222;betroffene Person&#8220; genannt) und die damit verbundenen Rechte und hat&#8230;<\/p>\n","protected":false},"author":1,"featured_media":0,"parent":0,"menu_order":0,"comment_status":"closed","ping_status":"closed","template":"","meta":{"footnotes":""},"class_list":["post-274","page","type-page","status-publish","hentry"],"yoast_head":"<!-- This site is optimized with the Yoast SEO plugin v25.6 - https:\/\/yoast.com\/wordpress\/plugins\/seo\/ -->\n<title>Schutz personenbezogener Daten - Skolit<\/title>\n<meta name=\"robots\" content=\"index, follow, max-snippet:-1, max-image-preview:large, max-video-preview:-1\" \/>\n<link rel=\"canonical\" href=\"https:\/\/www.skolit.cz\/de\/schutz-personenbezogener-daten\/\" \/>\n<meta property=\"og:locale\" content=\"de_DE\" \/>\n<meta property=\"og:type\" content=\"article\" \/>\n<meta property=\"og:title\" content=\"Schutz personenbezogener Daten - Skolit\" \/>\n<meta property=\"og:description\" content=\"1. Einleitende Bestimmungen 1.1 Die Gesellschaft SKOLIT s.r.o., ID-Nr.: 260 43 602, mit Sitz in Hole\u010dkova 103\/31, 150 00 Praha 5 &#8211; Sm\u00edchov, respektiert als Verantwortlicher f\u00fcr die Verarbeitung personenbezogener Daten in vollem Umfang das Recht auf den Schutz der Privatsph\u00e4re ihrer Klienten (nachfolgend auch &#8222;betroffene Person&#8220; genannt) und die damit verbundenen Rechte und hat...\" \/>\n<meta property=\"og:url\" content=\"https:\/\/www.skolit.cz\/de\/schutz-personenbezogener-daten\/\" \/>\n<meta property=\"og:site_name\" content=\"Skolit\" \/>\n<meta property=\"article:modified_time\" content=\"2021-06-22T12:13:34+00:00\" \/>\n<meta name=\"twitter:card\" content=\"summary_large_image\" \/>\n<meta name=\"twitter:label1\" content=\"Gesch\u00e4tzte Lesezeit\" \/>\n\t<meta name=\"twitter:data1\" content=\"9\u00a0Minuten\" \/>\n<!-- \/ Yoast SEO plugin. -->","yoast_head_json":{"title":"Schutz personenbezogener Daten - Skolit","robots":{"index":"index","follow":"follow","max-snippet":"max-snippet:-1","max-image-preview":"max-image-preview:large","max-video-preview":"max-video-preview:-1"},"canonical":"https:\/\/www.skolit.cz\/de\/schutz-personenbezogener-daten\/","og_locale":"de_DE","og_type":"article","og_title":"Schutz personenbezogener Daten - Skolit","og_description":"1. Einleitende Bestimmungen 1.1 Die Gesellschaft SKOLIT s.r.o., ID-Nr.: 260 43 602, mit Sitz in Hole\u010dkova 103\/31, 150 00 Praha 5 &#8211; Sm\u00edchov, respektiert als Verantwortlicher f\u00fcr die Verarbeitung personenbezogener Daten in vollem Umfang das Recht auf den Schutz der Privatsph\u00e4re ihrer Klienten (nachfolgend auch &#8222;betroffene Person&#8220; genannt) und die damit verbundenen Rechte und hat...","og_url":"https:\/\/www.skolit.cz\/de\/schutz-personenbezogener-daten\/","og_site_name":"Skolit","article_modified_time":"2021-06-22T12:13:34+00:00","twitter_card":"summary_large_image","twitter_misc":{"Gesch\u00e4tzte Lesezeit":"9\u00a0Minuten"},"schema":{"@context":"https:\/\/schema.org","@graph":[{"@type":"WebPage","@id":"https:\/\/www.skolit.cz\/de\/schutz-personenbezogener-daten\/","url":"https:\/\/www.skolit.cz\/de\/schutz-personenbezogener-daten\/","name":"Schutz personenbezogener Daten - Skolit","isPartOf":{"@id":"https:\/\/www.skolit.cz\/de\/#website"},"datePublished":"2021-06-22T12:06:33+00:00","dateModified":"2021-06-22T12:13:34+00:00","breadcrumb":{"@id":"https:\/\/www.skolit.cz\/de\/schutz-personenbezogener-daten\/#breadcrumb"},"inLanguage":"de","potentialAction":[{"@type":"ReadAction","target":["https:\/\/www.skolit.cz\/de\/schutz-personenbezogener-daten\/"]}]},{"@type":"BreadcrumbList","@id":"https:\/\/www.skolit.cz\/de\/schutz-personenbezogener-daten\/#breadcrumb","itemListElement":[{"@type":"ListItem","position":1,"name":"\u00davod","item":"https:\/\/www.skolit.cz\/de\/"},{"@type":"ListItem","position":2,"name":"Schutz personenbezogener Daten"}]},{"@type":"WebSite","@id":"https:\/\/www.skolit.cz\/de\/#website","url":"https:\/\/www.skolit.cz\/de\/","name":"Skolit","description":"","potentialAction":[{"@type":"SearchAction","target":{"@type":"EntryPoint","urlTemplate":"https:\/\/www.skolit.cz\/de\/?s={search_term_string}"},"query-input":{"@type":"PropertyValueSpecification","valueRequired":true,"valueName":"search_term_string"}}],"inLanguage":"de"}]}},"_links":{"self":[{"href":"https:\/\/www.skolit.cz\/de\/wp-json\/wp\/v2\/pages\/274","targetHints":{"allow":["GET"]}}],"collection":[{"href":"https:\/\/www.skolit.cz\/de\/wp-json\/wp\/v2\/pages"}],"about":[{"href":"https:\/\/www.skolit.cz\/de\/wp-json\/wp\/v2\/types\/page"}],"author":[{"embeddable":true,"href":"https:\/\/www.skolit.cz\/de\/wp-json\/wp\/v2\/users\/1"}],"replies":[{"embeddable":true,"href":"https:\/\/www.skolit.cz\/de\/wp-json\/wp\/v2\/comments?post=274"}],"version-history":[{"count":3,"href":"https:\/\/www.skolit.cz\/de\/wp-json\/wp\/v2\/pages\/274\/revisions"}],"predecessor-version":[{"id":278,"href":"https:\/\/www.skolit.cz\/de\/wp-json\/wp\/v2\/pages\/274\/revisions\/278"}],"wp:attachment":[{"href":"https:\/\/www.skolit.cz\/de\/wp-json\/wp\/v2\/media?parent=274"}],"curies":[{"name":"wp","href":"https:\/\/api.w.org\/{rel}","templated":true}]}}